{"id":5708,"date":"2018-06-28T14:24:37","date_gmt":"2018-06-28T14:24:37","guid":{"rendered":"http:\/\/yeko.lv\/?page_id=5708"},"modified":"2022-03-23T13:08:18","modified_gmt":"2022-03-23T13:08:18","slug":"abonementi","status":"publish","type":"page","link":"https:\/\/yeko.lv\/lv\/abonementi\/","title":{"rendered":"Abonementi"},"content":{"rendered":"","protected":true},"excerpt":{"rendered":"","protected":true},"author":1,"featured_media":0,"parent":0,"menu_order":0,"comment_status":"closed","ping_status":"closed","template":"","meta":{"_exactmetrics_skip_tracking":false,"_exactmetrics_sitenote_active":false,"_exactmetrics_sitenote_note":"","_exactmetrics_sitenote_category":0,"_en_post_content":"","_en_post_name":"subscriptions","_en_post_excerpt":"","_en_post_title":"Subscriptions","_lv_post_content":"","_lv_post_name":"abonementi","_lv_post_excerpt":"","_lv_post_title":"Abonementi","_ru_post_content":"","_ru_post_name":"%d0%b0%d0%b1%d0%be%d0%bd%d0%b5%d0%bc%d0%b5%d0%bd%d1%82%d1%8b","_ru_post_excerpt":"","_ru_post_title":"\u0410\u0431\u043e\u043d\u0435\u043c\u0435\u043d\u0442\u044b","edit_language":"lv","footnotes":""},"class_list":["post-5708","page","type-page","status-publish","post-password-required","hentry"],"yoast_head":"<!-- This site is optimized with the Yoast SEO plugin v25.8 - https:\/\/yoast.com\/wordpress\/plugins\/seo\/ -->\n<title>Abonementi - Yeko Photo Studio<\/title>\n<meta name=\"description\" content=\"M\u016bs\u016b studij\u0101 ir pieej\u0101mi abonementi fotostudijas pakalpojumu izmanto\u0161anai. Uz 5, 10 vai 15 stund\u0101m studijas nomai k\u0101 ar\u012b da\u017e\u0101di papild bonusi!\" \/>\n<meta name=\"robots\" content=\"index, follow, max-snippet:-1, max-image-preview:large, max-video-preview:-1\" \/>\n<link rel=\"canonical\" href=\"https:\/\/yeko.lv\/abonementi\/\" \/>\n<meta property=\"og:locale\" content=\"lv_LV\" \/>\n<meta property=\"og:type\" content=\"article\" \/>\n<meta property=\"og:title\" content=\"Abonementi - Yeko Photo Studio\" \/>\n<meta property=\"og:description\" content=\"M\u016bs\u016b studij\u0101 ir pieej\u0101mi abonementi fotostudijas pakalpojumu izmanto\u0161anai. Uz 5, 10 vai 15 stund\u0101m studijas nomai k\u0101 ar\u012b da\u017e\u0101di papild bonusi!\" \/>\n<meta property=\"og:url\" content=\"https:\/\/yeko.lv\/abonementi\/\" \/>\n<meta property=\"og:site_name\" content=\"Yeko Photo Studio\" \/>\n<meta property=\"article:publisher\" content=\"https:\/\/www.facebook.com\/yekostudio\/\" \/>\n<meta property=\"article:modified_time\" content=\"2022-03-23T13:08:18+00:00\" \/>\n<meta name=\"twitter:card\" content=\"summary_large_image\" \/>\n<script type=\"application\/ld+json\" class=\"yoast-schema-graph\">{\"@context\":\"https:\/\/schema.org\",\"@graph\":[{\"@type\":\"WebPage\",\"@id\":\"https:\/\/yeko.lv\/abonementi\/\",\"url\":\"https:\/\/yeko.lv\/abonementi\/\",\"name\":\"Abonementi - Yeko Photo Studio\",\"isPartOf\":{\"@id\":\"https:\/\/yeko.lv\/lv\/#website\"},\"datePublished\":\"2018-06-28T14:24:37+00:00\",\"dateModified\":\"2022-03-23T13:08:18+00:00\",\"breadcrumb\":{\"@id\":\"https:\/\/yeko.lv\/abonementi\/#breadcrumb\"},\"inLanguage\":\"lv-LV\"},{\"@type\":\"WebSite\",\"@id\":\"https:\/\/yeko.lv\/lv\/#website\",\"url\":\"https:\/\/yeko.lv\/lv\/\",\"name\":\"Yeko Photo Studio\",\"description\":\"\",\"publisher\":{\"@id\":\"https:\/\/yeko.lv\/lv\/#organization\"},\"potentialAction\":[{\"@type\":\"SearchAction\",\"target\":{\"@type\":\"EntryPoint\",\"urlTemplate\":\"https:\/\/yeko.lv\/lv\/?s={search_term_string}\"},\"query-input\":{\"@type\":\"PropertyValueSpecification\",\"valueRequired\":true,\"valueName\":\"search_term_string\"}}],\"inLanguage\":\"lv-LV\"},{\"@type\":\"Organization\",\"@id\":\"https:\/\/yeko.lv\/lv\/#organization\",\"name\":\"Yeko Photo Studio\",\"url\":\"https:\/\/yeko.lv\/lv\/\",\"logo\":{\"@type\":\"ImageObject\",\"inLanguage\":\"lv-LV\",\"@id\":\"https:\/\/yeko.lv\/lv\/#\/schema\/logo\/image\/\",\"url\":\"https:\/\/yeko.lv\/wp-content\/uploads\/2016\/12\/yeko-logo-1.jpg\",\"contentUrl\":\"https:\/\/yeko.lv\/wp-content\/uploads\/2016\/12\/yeko-logo-1.jpg\",\"width\":480,\"height\":480,\"caption\":\"Yeko Photo Studio\"},\"image\":{\"@id\":\"https:\/\/yeko.lv\/lv\/#\/schema\/logo\/image\/\"},\"sameAs\":[\"https:\/\/www.facebook.com\/yekostudio\/\",\"https:\/\/www.instagram.com\/yekophotostudio\/\"]}]}<\/script>\n<!-- \/ Yoast SEO plugin. -->","yoast_head_json":{"title":"Abonementi - Yeko Photo Studio","description":"M\u016bs\u016b studij\u0101 ir pieej\u0101mi abonementi fotostudijas pakalpojumu izmanto\u0161anai. Uz 5, 10 vai 15 stund\u0101m studijas nomai k\u0101 ar\u012b da\u017e\u0101di papild bonusi!","robots":{"index":"index","follow":"follow","max-snippet":"max-snippet:-1","max-image-preview":"max-image-preview:large","max-video-preview":"max-video-preview:-1"},"canonical":"https:\/\/yeko.lv\/abonementi\/","og_locale":"lv_LV","og_type":"article","og_title":"Abonementi - Yeko Photo Studio","og_description":"M\u016bs\u016b studij\u0101 ir pieej\u0101mi abonementi fotostudijas pakalpojumu izmanto\u0161anai. Uz 5, 10 vai 15 stund\u0101m studijas nomai k\u0101 ar\u012b da\u017e\u0101di papild bonusi!","og_url":"https:\/\/yeko.lv\/abonementi\/","og_site_name":"Yeko Photo Studio","article_publisher":"https:\/\/www.facebook.com\/yekostudio\/","article_modified_time":"2022-03-23T13:08:18+00:00","twitter_card":"summary_large_image","schema":{"@context":"https:\/\/schema.org","@graph":[{"@type":"WebPage","@id":"https:\/\/yeko.lv\/abonementi\/","url":"https:\/\/yeko.lv\/abonementi\/","name":"Abonementi - Yeko Photo Studio","isPartOf":{"@id":"https:\/\/yeko.lv\/lv\/#website"},"datePublished":"2018-06-28T14:24:37+00:00","dateModified":"2022-03-23T13:08:18+00:00","breadcrumb":{"@id":"https:\/\/yeko.lv\/abonementi\/#breadcrumb"},"inLanguage":"lv-LV"},{"@type":"WebSite","@id":"https:\/\/yeko.lv\/lv\/#website","url":"https:\/\/yeko.lv\/lv\/","name":"Yeko Photo Studio","description":"","publisher":{"@id":"https:\/\/yeko.lv\/lv\/#organization"},"potentialAction":[{"@type":"SearchAction","target":{"@type":"EntryPoint","urlTemplate":"https:\/\/yeko.lv\/lv\/?s={search_term_string}"},"query-input":{"@type":"PropertyValueSpecification","valueRequired":true,"valueName":"search_term_string"}}],"inLanguage":"lv-LV"},{"@type":"Organization","@id":"https:\/\/yeko.lv\/lv\/#organization","name":"Yeko Photo Studio","url":"https:\/\/yeko.lv\/lv\/","logo":{"@type":"ImageObject","inLanguage":"lv-LV","@id":"https:\/\/yeko.lv\/lv\/#\/schema\/logo\/image\/","url":"https:\/\/yeko.lv\/wp-content\/uploads\/2016\/12\/yeko-logo-1.jpg","contentUrl":"https:\/\/yeko.lv\/wp-content\/uploads\/2016\/12\/yeko-logo-1.jpg","width":480,"height":480,"caption":"Yeko Photo Studio"},"image":{"@id":"https:\/\/yeko.lv\/lv\/#\/schema\/logo\/image\/"},"sameAs":["https:\/\/www.facebook.com\/yekostudio\/","https:\/\/www.instagram.com\/yekophotostudio\/"]}]}},"_links":{"self":[{"href":"https:\/\/yeko.lv\/lv\/wp-json\/wp\/v2\/pages\/5708","targetHints":{"allow":["GET"]}}],"collection":[{"href":"https:\/\/yeko.lv\/lv\/wp-json\/wp\/v2\/pages"}],"about":[{"href":"https:\/\/yeko.lv\/lv\/wp-json\/wp\/v2\/types\/page"}],"author":[{"embeddable":true,"href":"https:\/\/yeko.lv\/lv\/wp-json\/wp\/v2\/users\/1"}],"replies":[{"embeddable":true,"href":"https:\/\/yeko.lv\/lv\/wp-json\/wp\/v2\/comments?post=5708"}],"version-history":[{"count":5,"href":"https:\/\/yeko.lv\/lv\/wp-json\/wp\/v2\/pages\/5708\/revisions"}],"predecessor-version":[{"id":8605,"href":"https:\/\/yeko.lv\/lv\/wp-json\/wp\/v2\/pages\/5708\/revisions\/8605"}],"wp:attachment":[{"href":"https:\/\/yeko.lv\/lv\/wp-json\/wp\/v2\/media?parent=5708"}],"curies":[{"name":"wp","href":"https:\/\/api.w.org\/{rel}","templated":true}]}}